{"id":786,"date":"2018-07-23T14:50:24","date_gmt":"2018-07-23T14:50:24","guid":{"rendered":"http:\/\/sreckocupic.com\/medicinal-herbs\/teas\/"},"modified":"2020-02-23T12:06:38","modified_gmt":"2020-02-23T12:06:38","slug":"teas","status":"publish","type":"page","link":"https:\/\/sreckocupic.com\/en\/medicinal-herbs\/teas\/","title":{"rendered":"Teas"},"content":{"rendered":"<p>[et_pb_section fb_built=&#8221;1&#8243; admin_label=&#8221;section&#8221; _builder_version=&#8221;3.0.89&#8243; use_background_color_gradient=&#8221;on&#8221; background_color_gradient_start=&#8221;#ffec94&#8243; background_color_gradient_end=&#8221;#ffffff&#8221; background_color_gradient_type=&#8221;radial&#8221; background_color_gradient_direction_radial=&#8221;bottom&#8221; custom_margin=&#8221;||0px|&#8221; custom_padding=&#8221;||0px|&#8221;][et_pb_row _builder_version=&#8221;3.0.89&#8243;][et_pb_column type=&#8221;4_4&#8243; _builder_version=&#8221;3.0.89&#8243; parallax=&#8221;off&#8221; parallax_method=&#8221;on&#8221;][et_pb_text _builder_version=&#8221;3.0.89&#8243; text_font=&#8221;||||||||&#8221; header_font=&#8221;||||||||&#8221; header_2_font=&#8221;||||||||&#8221; header_2_text_color=&#8221;#56baec&#8221;]<\/p>\n<h2 style=\"text-align: center;\"><strong>TREATMENT BY THE  COMBINATIONS OF MEDICINAL HERB TEAS<\/strong><\/h2>\n<p><strong><img loading=\"lazy\" decoding=\"async\" src=\"https:\/\/sreckocupic.com\/wp-content\/uploads\/2018\/01\/srecko-cupic-cajevi.png\" width=\"64\" height=\"64\" alt=\"\" class=\"wp-image-614 alignnone size-full\" style=\"display: block; margin-left: auto; margin-right: auto;\" \/><\/strong><\/p>\n<p>[\/et_pb_text][\/et_pb_column][\/et_pb_row][et_pb_row module_id=&#8221;kontakt&#8221; _builder_version=&#8221;3.0.89&#8243;][et_pb_column type=&#8221;1_2&#8243; _builder_version=&#8221;3.0.47&#8243; parallax=&#8221;off&#8221; parallax_method=&#8221;on&#8221;][et_pb_text _builder_version=&#8221;3.0.89&#8243; text_orientation=&#8221;center&#8221; module_alignment=&#8221;center&#8221;]<\/p>\n<h2><strong>Order a tea to suit your needs. The easiest and the most painless way to a cure.<\/strong><\/h2>\n<p>\u00a0<\/p>\n<p>All you need to do is fill in your details on the form. If you prefer to order by phone, please contact me on the number below<\/p>\n<p><strong>phone: 060 1957 013<br \/><\/strong><strong>e-mail:\u00a0<a href=\"mailto:cupicsrecko1977@gmail.com\">cupicsrecko1977@gmail.com<\/a><\/strong><\/p>\n<p>[\/et_pb_text][\/et_pb_column][et_pb_column type=&#8221;1_2&#8243; _builder_version=&#8221;3.0.47&#8243; parallax=&#8221;off&#8221; parallax_method=&#8221;on&#8221;][et_pb_contact_form email=&#8221;cupicsrecko1977@gmail.com&#8221; custom_message=&#8221;Poruka za porudzbinu \u010daja.||et_pb_line_break_holder||||et_pb_line_break_holder||Ime pacijenta: %%Name%% (%%Email%%)||et_pb_line_break_holder||Br. telefona: %%Telefon%%||et_pb_line_break_holder||||et_pb_line_break_holder||Poruka: %%Message%%&#8221; success_message=&#8221;Your appointment has been successfully sent. Expect a quick answer.&#8221; submit_button_text=&#8221;Order&#8221; module_id=&#8221;et_pb_contact_form_0&#8243; _builder_version=&#8221;3.0.89&#8243; title_font=&#8221;||||||||&#8221; form_field_font=&#8221;||||||||&#8221; custom_button=&#8221;on&#8221; button_text_color=&#8221;#56baec&#8221; button_font=&#8221;||||||||&#8221;][et_pb_contact_field field_id=&#8221;Name&#8221; field_title=&#8221;Your name&#8221; _builder_version=&#8221;3.0.89&#8243; border_radii=&#8221;on||||&#8221;][\/et_pb_contact_field][et_pb_contact_field field_id=&#8221;Email&#8221; field_title=&#8221;Your email&#8221; field_type=&#8221;email&#8221; _builder_version=&#8221;3.0.89&#8243; border_radii=&#8221;on||||&#8221;][\/et_pb_contact_field][et_pb_contact_field field_id=&#8221;Telefon&#8221; field_title=&#8221;Telephone no.&#8221; min_length=&#8221;5&#8243; max_length=&#8221;17&#8243; allowed_symbols=&#8221;numbers&#8221; fullwidth_field=&#8221;on&#8221; _builder_version=&#8221;3.0.89&#8243;][\/et_pb_contact_field][et_pb_contact_field field_id=&#8221;Message&#8221; field_title=&#8221;Write your message&#8221; field_type=&#8221;text&#8221; fullwidth_field=&#8221;on&#8221; _builder_version=&#8221;3.0.89&#8243; border_radii=&#8221;on||||&#8221;][\/et_pb_contact_field][\/et_pb_contact_form][\/et_pb_column][\/et_pb_row][et_pb_row _builder_version=&#8221;3.0.89&#8243;][et_pb_column type=&#8221;1_3&#8243; _builder_version=&#8221;3.0.89&#8243; parallax=&#8221;off&#8221; parallax_method=&#8221;on&#8221;][et_pb_blurb title=&#8221;TREATMENT OF GASTROINTESTINAL SYSTEM DISORDERS&#8221; _builder_version=&#8221;3.0.89&#8243; header_level=&#8221;h3&#8243; header_font=&#8221;|||on|||||&#8221; header_text_align=&#8221;center&#8221; body_font=&#8221;||||||||&#8221; background_color=&#8221;rgba(86,186,236,0.6)&#8221; border_width_bottom=&#8221;6px&#8221; border_color_bottom=&#8221;#56baec&#8221; custom_padding=&#8221;20px|20px|10px|20px&#8221;]<\/p>\n<ul>\n<li><span>Tea to improve the overall weakness of the digestive system<\/span><\/li>\n<li><span>Tea for the treatment of toothache<\/span><\/li>\n<li><span>Tea for the treatment of the initial stage of cancer of the tongue<\/span><\/li>\n<li><span>Tea for throat rinse<\/span><\/li>\n<li><span>Tea for the treatment of the abscessed processes in the mouth<\/span><\/li>\n<li><span>Tea for the treatment of the initial stage of throat cancer<\/span><\/li>\n<li><span>Tea for the treatment of inflammation of the mucous membrane of the mouth<\/span><\/li>\n<li><span>Tea for the treatment of all inflammatory processes of the oral cavity<\/span><\/li>\n<li><span>Tea for the treatment of inflammation of the oral cavity and periodontal disease<\/span><\/li>\n<li><span>Tea for the prevention of bleeding gums<\/span><\/li>\n<\/ul>\n<p>[\/et_pb_blurb][et_pb_blurb title=&#8221;Le\u010denje bolesti debelog creva&#8221; _builder_version=&#8221;3.0.89&#8243; header_level=&#8221;h3&#8243; header_font=&#8221;|||on|||||&#8221; header_text_align=&#8221;center&#8221; body_font=&#8221;||||||||&#8221; background_color=&#8221;rgba(255,174,174,0.6)&#8221; border_width_bottom=&#8221;6px&#8221; border_color_bottom=&#8221;#ffaeae&#8221; custom_padding=&#8221;20px|20px|10px|20px&#8221;]<\/p>\n<ul>\n<li>Tea for the prevention of various diseases of the colon<\/li>\n<li>Tea for the treatment of chronic constipation of the colon<\/li>\n<li>Tea for the treatment of acute colon constipation<\/li>\n<li>Tea for the treatment of bleeding from the colon of different ethology<\/li>\n<li>Tea for the treatment of colon bloating<\/li>\n<li>Tea for the treatment of sluggishness of the colon<\/li>\n<li>Tea for the treatment of catarrh of the colon<\/li>\n<li>Tea for the treatment of the early stage of colon cancer<\/li>\n<li>Tea for the treatment of infectious typhus<\/li>\n<li>Tea for the treatment of inflammatory processes of the colon<\/li>\n<li>Tea for colon cleaning<\/li>\n<li>Tea for the treatment of stronger bleeding haemorrhoids<\/li>\n<\/ul>\n<p>[\/et_pb_blurb][\/et_pb_column][et_pb_column type=&#8221;1_3&#8243; _builder_version=&#8221;3.0.89&#8243; parallax=&#8221;off&#8221; parallax_method=&#8221;on&#8221;][et_pb_blurb title=&#8221;TREATMENT OF OESOPHAGUS DISORDERS&#8221; _builder_version=&#8221;3.0.89&#8243; header_level=&#8221;h3&#8243; header_font=&#8221;|||on|||||&#8221; header_text_align=&#8221;center&#8221; body_font=&#8221;||||||||&#8221; background_color=&#8221;rgba(119,172,162,0.6)&#8221; border_width_bottom=&#8221;6px&#8221; border_color_bottom=&#8221;#77aca2&#8243; custom_padding=&#8221;20px|20px|10px|20px&#8221;]<\/p>\n<ul>\n<li>Tea for the treatment of inflammation of the oesophagus<\/li>\n<\/ul>\n<p>[\/et_pb_blurb][et_pb_blurb title=&#8221;TREATMENT OF STOMACH DISORDERS&#8221; _builder_version=&#8221;3.0.89&#8243; header_level=&#8221;h3&#8243; header_font=&#8221;|||on|||||&#8221; header_text_align=&#8221;center&#8221; body_font=&#8221;||||||||&#8221; background_color=&#8221;rgba(176,229,124,0.6)&#8221; border_width_bottom=&#8221;6px&#8221; border_color_bottom=&#8221;#b0e57c&#8221; custom_padding=&#8221;20px|20px|10px|20px&#8221;]<\/p>\n<ul>\n<li>Tea for the prevention of various stomach diseases<\/li>\n<li>Tea for the improvement of appetite<\/li>\n<li>Tea for the treatment of gastric catarrh<\/li>\n<li>Tea for the treatment of stomach cramps<\/li>\n<li>Tea for the treatment of gastric cancer in the early stage<\/li>\n<li>Tea for the treatment of bleeding from the stomach of different aetiologies<\/li>\n<li>Tea for the treatment of stomach bloating<\/li>\n<li>Tea for the treatment of stomach pain<\/li>\n<li>Tea for regulation of gastric acid secretion<\/li>\n<li>Tea for the treatment of stomach pain<\/li>\n<li>Tea for the treatment of heartburn<\/li>\n<li>Tea for the treatment of bloating and spasm in the stomach<\/li>\n<li>Tea for the treatment of stomach ulcer<\/li>\n<\/ul>\n<p>[\/et_pb_blurb][et_pb_blurb title=&#8221;TREATMENT OF PANCREAS DISORDERS&#8221; _builder_version=&#8221;3.0.89&#8243; header_level=&#8221;h3&#8243; header_font=&#8221;|||on|||||&#8221; header_text_align=&#8221;center&#8221; body_font=&#8221;||||||||&#8221; background_color=&#8221;rgba(86,186,236,0.6)&#8221; border_width_bottom=&#8221;6px&#8221; border_color_bottom=&#8221;#56baec&#8221; custom_padding=&#8221;20px|20px|10px|20px&#8221;]<\/p>\n<ul>\n<li>Tea for the treatment of diabetes<\/li>\n<\/ul>\n<p>[\/et_pb_blurb][et_pb_blurb title=&#8221;TREATMENT OF HAEMATOLOGICAL AND IMMUNE SYSTEM DISORDERS&#8221; _builder_version=&#8221;3.0.89&#8243; header_level=&#8221;h3&#8243; header_font=&#8221;|||on|||||&#8221; header_text_align=&#8221;center&#8221; body_font=&#8221;||||||||&#8221; background_color=&#8221;rgba(255,236,148,0.6)&#8221; border_width_bottom=&#8221;6px&#8221; border_color_bottom=&#8221;#ffe575&#8243; custom_padding=&#8221;20px|20px|10px|20px&#8221;]<\/p>\n<ul>\n<li>\n<p>Tea for the treatment of weakness of the spleen<\/p>\n<\/li>\n<li>\n<p>Tea for strengthening immunity<\/p>\n<\/li>\n<\/ul>\n<p>[\/et_pb_blurb][\/et_pb_column][et_pb_column type=&#8221;1_3&#8243; _builder_version=&#8221;3.0.89&#8243; parallax=&#8221;off&#8221; parallax_method=&#8221;on&#8221;][et_pb_blurb title=&#8221;TREATMENT OF THE SMALL INTESTINE DISORDERS&#8221; _builder_version=&#8221;3.0.89&#8243; header_level=&#8221;h3&#8243; header_font=&#8221;|||on|||||&#8221; header_text_align=&#8221;center&#8221; body_font=&#8221;||||||||&#8221; background_color=&#8221;rgba(255,240,170,0.6)&#8221; border_width_bottom=&#8221;6px&#8221; border_color_bottom=&#8221;#ffe77c&#8221; custom_padding=&#8221;20px|20px|10px|20px&#8221;]<\/p>\n<ul>\n<li>Tea for the prevention of many diseases of the small intestine<\/li>\n<li>Tea for the treatment of the irritable bowel syndrome<\/li>\n<li>Tea for the treatment of ulcer first part of the small intestine (duodenum)<\/li>\n<li>Tea for the treatment of acute and chronic diarrhoea and bloating<\/li>\n<li>Tea for the treatment of children&#8217;s intestinal parasite- worms<\/li>\n<li>Tea for the treatment of small bowel bleeding of different ethology<\/li>\n<li>Tea for the treatment of bloating of the small intestine<\/li>\n<li>Tea for the treatment of sluggish small intestine<\/li>\n<li>Tea for the treatment of intestinal catarrh<\/li>\n<li>Tea for the treatment of gluten enteropathy<\/li>\n<\/ul>\n<p>[\/et_pb_blurb][et_pb_blurb title=&#8221;TREATMENT OF THE LIVER DISORDERS&#8221; _builder_version=&#8221;3.0.89&#8243; header_level=&#8221;h3&#8243; header_font=&#8221;|||on|||||&#8221; header_text_align=&#8221;center&#8221; body_font=&#8221;||||||||&#8221; background_color=&#8221;rgba(255,255,255,0.6)&#8221; border_width_bottom=&#8221;6px&#8221; border_color_bottom=&#8221;#ffffff&#8221; custom_padding=&#8221;20px|20px|10px|20px&#8221;]<\/p>\n<ul>\n<li>Tea for the treatment of bile and liver disease<\/li>\n<li>Tea for the treatment of connective tissue growth of the liver<\/li>\n<li>Tea for the treatment of chronic liver inflammation<\/li>\n<li>Tea for the treatment of cirrhosis of the liver<\/li>\n<li>Tea for the treatment of sluggish liver function<\/li>\n<li>Tea for the treatment of liver cancer in the early stage<\/li>\n<li>Tea for the treatment of acute pain in the liver and bile<\/li>\n<li>Tea for the treatment of gallstones<\/li>\n<\/ul>\n<p>[\/et_pb_blurb][et_pb_blurb title=&#8221;TREATMENT OF THE SENSORY NERVOUS SYSTEM DISORDERS&#8221; _builder_version=&#8221;3.0.89&#8243; header_level=&#8221;h3&#8243; header_font=&#8221;|||on|||||&#8221; header_text_align=&#8221;center&#8221; body_font=&#8221;||||||||&#8221; background_color=&#8221;rgba(86,186,236,0.6)&#8221; border_width_bottom=&#8221;6px&#8221; border_color_bottom=&#8221;#56baec&#8221; custom_padding=&#8221;20px|20px|10px|20px&#8221;]<\/p>\n<ul>\n<li>\n<p>Tea for the treatment of Tinnitus (buzzing in the ears)<\/p>\n<\/li>\n<\/ul>\n<p>[\/et_pb_blurb][\/et_pb_column][\/et_pb_row][\/et_pb_section][et_pb_section fb_built=&#8221;1&#8243; _builder_version=&#8221;3.0.89&#8243; use_background_color_gradient=&#8221;on&#8221; background_color_gradient_start=&#8221;#ffec94&#8243; background_color_gradient_end=&#8221;#ffffff&#8221; background_color_gradient_type=&#8221;radial&#8221; background_color_gradient_direction_radial=&#8221;top&#8221; custom_margin=&#8221;0px|||&#8221; custom_padding=&#8221;0px|||&#8221;][et_pb_row _builder_version=&#8221;3.0.89&#8243;][et_pb_column type=&#8221;1_3&#8243; _builder_version=&#8221;3.0.89&#8243; parallax=&#8221;off&#8221; parallax_method=&#8221;on&#8221;][et_pb_blurb title=&#8221;TREATMENT OF METABOLIC DISORDERS&#8221; _builder_version=&#8221;3.0.89&#8243; header_level=&#8221;h3&#8243; header_font=&#8221;|||on|||||&#8221; header_text_align=&#8221;center&#8221; body_font=&#8221;||||||||&#8221; background_color=&#8221;rgba(255,255,255,0.6)&#8221; border_width_bottom=&#8221;6px&#8221; border_color_bottom=&#8221;#ffffff&#8221; custom_padding=&#8221;20px|20px|10px|20px&#8221;]<\/p>\n<ul>\n<li>Tea for the treatment of diabetes<\/li>\n<li>Tea for relieving pain caused by Gout (disorders of uric acid metabolism)<\/li>\n<li>Tea for general health improvement<\/li>\n<li>Tea for weight loss<\/li>\n<\/ul>\n<p>[\/et_pb_blurb][et_pb_blurb title=&#8221;TREATMENT OF CENTRAL NERVOUS SYSTEM DISORDERS&#8221; _builder_version=&#8221;3.0.89&#8243; header_level=&#8221;h3&#8243; header_font=&#8221;|||on|||||&#8221; header_text_align=&#8221;center&#8221; body_font=&#8221;||||||||&#8221; background_color=&#8221;rgba(119,172,162,0.6)&#8221; border_width_bottom=&#8221;6px&#8221; border_color_bottom=&#8221;#77aca2&#8243; custom_padding=&#8221;20px|20px|10px|20px&#8221;]<\/p>\n<ul>\n<li>Tea for the treatment of insomnia, fainting and feeling of pressure in the head<\/li>\n<li>Tea for the treatment of headache<\/li>\n<li>Tea for the treatment of mental overdrive and nervousness<\/li>\n<li>Tea for memory improvement<\/li>\n<li>Tea for the treatment of epilepsy<\/li>\n<li>Tea for the enhancement of emotional mood<\/li>\n<li>Tea for the prevention of the stroke<\/li>\n<li>Tea for the treatment of migraine<\/li>\n<\/ul>\n<p>[\/et_pb_blurb][et_pb_blurb title=&#8221;TREATMENT OF PERIPHERAL NERVOUS SYSTEM DISORDERS&#8221; _builder_version=&#8221;3.0.89&#8243; header_level=&#8221;h3&#8243; header_font=&#8221;|||on|||||&#8221; header_text_align=&#8221;center&#8221; body_font=&#8221;||||||||&#8221; background_color=&#8221;rgba(119,172,162,0.6)&#8221; border_width_bottom=&#8221;6px&#8221; border_color_bottom=&#8221;#77aca2&#8243; custom_padding=&#8221;20px|20px|10px|20px&#8221;]<\/p>\n<ul>\n<li>Tea for the treatment of nerve damage<\/li>\n<li>Tea for the treatment of disorders<\/li>\n<li>Tea for the treatment of of hysteria<\/li>\n<li>Tea for the treatment of Somnambulism (sleepwalking)<\/li>\n<li>Tea for the treatment of depression<\/li>\n<li>Tea for the treatment of anxiety<\/li>\n<\/ul>\n<p>[\/et_pb_blurb][et_pb_blurb title=&#8221;TREATMENT OF REPRODUCTIVE SYSTEM DISORDERS&#8221; _builder_version=&#8221;3.0.89&#8243; header_level=&#8221;h3&#8243; header_font=&#8221;|||on|||||&#8221; header_text_align=&#8221;center&#8221; body_font=&#8221;||||||||&#8221; background_color=&#8221;rgba(255,174,174,0.6)&#8221; border_width_bottom=&#8221;6px&#8221; border_color_bottom=&#8221;#ffaeae&#8221; custom_padding=&#8221;20px|20px|10px|20px&#8221;]<\/p>\n<ul>\n<li>\u010caj protiv upale testisa<\/li>\n<li>\u010caj protiv upale pasemenika<\/li>\n<li>\u010caj kod poreme\u0107ene-neredovne menstruacije<\/li>\n<li>\u010caj za ja\u010danje materi\u010dnih ligamenata<\/li>\n<li>\u010caj protiv krvarenja iz materice<\/li>\n<li>\u010caj kod upale materice<\/li>\n<li>\u010caj za le\u010denje mioma materice<\/li>\n<li>\u010caj za le\u010denje karcinoma grli\u0107a materice<\/li>\n<\/ul>\n<p>[\/et_pb_blurb][\/et_pb_column][et_pb_column type=&#8221;1_3&#8243; _builder_version=&#8221;3.0.89&#8243; parallax=&#8221;off&#8221; parallax_method=&#8221;on&#8221;][et_pb_blurb title=&#8221;TREATMENT OF THE RECTUM DISORDERS&#8221; _builder_version=&#8221;3.0.89&#8243; header_level=&#8221;h3&#8243; header_font=&#8221;|||on|||||&#8221; header_text_align=&#8221;center&#8221; body_font=&#8221;||||||||&#8221; background_color=&#8221;rgba(86,186,236,0.6)&#8221; border_width_bottom=&#8221;6px&#8221; border_color_bottom=&#8221;#56baec&#8221; custom_padding=&#8221;20px|20px|10px|20px&#8221;]<\/p>\n<ul>\n<li>Tea for the treatment of rectal prolapse<\/li>\n<li>Tea for the treatment of bleeding haemorrhoids<\/li>\n<li>Tea for the treatment of muscle weakness of the rectum<\/li>\n<li>Tea for the treatment of haemorrhoids<\/li>\n<\/ul>\n<p>[\/et_pb_blurb][et_pb_blurb title=&#8221;TREATMENT OF CARDIOVASCULAR SYSTEM DISORDERS&#8221; _builder_version=&#8221;3.0.89&#8243; header_level=&#8221;h3&#8243; header_font=&#8221;|||on|||||&#8221; header_text_align=&#8221;center&#8221; body_font=&#8221;||||||||&#8221; background_color=&#8221;rgba(176,229,124,0.6)&#8221; border_width_bottom=&#8221;6px&#8221; border_color_bottom=&#8221;#b0e57c&#8221; custom_padding=&#8221;20px|20px|10px|20px&#8221;]<\/p>\n<ul>\n<li>Tea for the treatment of cardiac asthma<\/li>\n<li>Tea for the treatment of Myocarditis<\/li>\n<li>Tea for regulation of high blood pressure<\/li>\n<li>Tea for the treatment of atherosclerosis of blood vessels<\/li>\n<li>Tea for the treatment of cardiac arrhythmias<\/li>\n<li>Tea for blood purification<\/li>\n<li>Tea for the treatment of Phlebitis (inflammation of the veins)<\/li>\n<li>Tea for the improvement of red blood cell count<\/li>\n<li>Tea for the treatment of anaemia<\/li>\n<li>Tea for blood circulation improvement<\/li>\n<li>Tea for the treatment of high cholesterol<\/li>\n<li>Tea for the regulation both high and low blood pressure<\/li>\n<\/ul>\n<p>[\/et_pb_blurb][et_pb_blurb title=&#8221;TREATMENT OF SKIN CONDITIONS&#8221; _builder_version=&#8221;3.0.89&#8243; header_level=&#8221;h3&#8243; header_font=&#8221;|||on|||||&#8221; header_text_align=&#8221;center&#8221; body_font=&#8221;||||||||&#8221; background_color=&#8221;rgba(119,172,162,0.6)&#8221; border_width_bottom=&#8221;6px&#8221; border_color_bottom=&#8221;#77aca2&#8243; custom_padding=&#8221;20px|20px|10px|20px&#8221;]<\/p>\n<ul>\n<li>Tea for washing wounds that are hard to heal<\/li>\n<\/ul>\n<p>[\/et_pb_blurb][et_pb_blurb title=&#8221;TREATMENT OF MUSCULOSKELETAL SYSTEM DISORDERS&#8221; _builder_version=&#8221;3.0.89&#8243; header_level=&#8221;h3&#8243; header_font=&#8221;|||on|||||&#8221; header_text_align=&#8221;center&#8221; body_font=&#8221;||||||||&#8221; background_color=&#8221;rgba(255,236,148,0.6)&#8221; border_width_bottom=&#8221;6px&#8221; border_color_bottom=&#8221;#ffec94&#8243; custom_padding=&#8221;20px|20px|10px|20px&#8221;]<\/p>\n<ul>\n<li>Tea for the treatment of muscle weakness<\/li>\n<li>Tea for the treatment of muscle cramps<\/li>\n<li>Tea for the treatment the weakness of the muscles and limbs<\/li>\n<li>Tea for the relief of pain in the joints<\/li>\n<li>Tea for the improvement of muscle strength<\/li>\n<li>Tea for the relief of the symptoms of multiple sclerosis<\/li>\n<li>Tea for the treatment of the weakness of the joints and muscles<\/li>\n<li>Tea for the treatment of muscle atrophy<\/li>\n<\/ul>\n<p>[\/et_pb_blurb][\/et_pb_column][et_pb_column type=&#8221;1_3&#8243; _builder_version=&#8221;3.0.89&#8243; parallax=&#8221;off&#8221; parallax_method=&#8221;on&#8221;][et_pb_blurb title=&#8221;TREATMENT OF RESPIRATORY SYSTEM DISORDERS&#8221; _builder_version=&#8221;3.0.89&#8243; header_level=&#8221;h3&#8243; header_font=&#8221;|||on|||||&#8221; header_text_align=&#8221;center&#8221; body_font=&#8221;||||||||&#8221; background_color=&#8221;rgba(255,174,174,0.6)&#8221; border_width_bottom=&#8221;6px&#8221; border_color_bottom=&#8221;#ffaeae&#8221; custom_padding=&#8221;20px|20px|10px|20px&#8221;]<\/p>\n<ul>\n<li>Tea for the treatment of the upper respiratory tract <\/li>\n<li>Tea for the treatment of acute bronchitis<\/li>\n<li>Tea for the removal of bronchial secretions<\/li>\n<li>Tea for the treatment of dry bronchial catarrhal inflammation<\/li>\n<li>Tea for the treatment of Naso &#8211; Pharyngeal Catarrh<\/li>\n<li>Tea for the treatment of malignant tumour of the throat<\/li>\n<li>Tea for the treatment of cough<\/li>\n<li>Tea for the treatment of tonsillitis<\/li>\n<li>Tea for the treatment of the vocal cords disorder<\/li>\n<li>Tea for the treatment of hoarseness (acute laryngitis)<\/li>\n<li>Tea for the treatment of bronchial asthma<\/li>\n<li>Tea for the treatment of inflammation of the lung tissue<\/li>\n<li>Tea for the treatment of oedema of the lungs<\/li>\n<li>Tea for the treatment of acute laryngitis<\/li>\n<li>Tea for the treatment of acute tonsillitis<\/li>\n<li>Tea for the treatment of initial stage of lung cancer<\/li>\n<\/ul>\n<p>[\/et_pb_blurb][et_pb_blurb title=&#8221;TREATMENT OF URINARY SYSTEM DISORDERS&#8221; _builder_version=&#8221;3.0.89&#8243; header_level=&#8221;h3&#8243; header_font=&#8221;|||on|||||&#8221; header_text_align=&#8221;center&#8221; body_font=&#8221;||||||||&#8221; background_color=&#8221;rgba(86,186,236,0.6)&#8221; border_width_bottom=&#8221;6px&#8221; border_color_bottom=&#8221;#56baec&#8221; custom_padding=&#8221;20px|20px|10px|20px&#8221;]<\/p>\n<ul>\n<li>Tea for the prevention of diseases of the urinary and urinary and reproductive system<\/li>\n<li>Tea for the treatment of sand in the kidneys and renal colic<\/li>\n<li>Tea for the treatment of the inflammation of the bladder<\/li>\n<li>ea for the treatment of the initial stages of urinary bladder and prostate cancer<\/li>\n<li>Tea for the treatment of urinary tract infections<\/li>\n<li>Tea for the treatment of kidney inflammation<\/li>\n<li>Tea for the prevention of bed wetting<\/li>\n<li>Tea for the treatment of kidney atrophy<\/li>\n<li>Tea for the treatment of hydronephrosis<\/li>\n<li>Tea for the treatment of glomerulonephritis<\/li>\n<li>Tea in a swollen inflammation of the kidneys<\/li>\n<li>Tea for the treatment of water retention<\/li>\n<li>Tea for the treatment of tingling and painful sensation during urinating<\/li>\n<\/ul>\n<p>[\/et_pb_blurb][\/et_pb_column][\/et_pb_row][et_pb_row _builder_version=&#8221;3.0.89&#8243;][et_pb_column type=&#8221;4_4&#8243; _builder_version=&#8221;3.0.89&#8243; parallax=&#8221;off&#8221; parallax_method=&#8221;on&#8221;][et_pb_text _builder_version=&#8221;3.0.89&#8243;]<\/p>\n<p style=\"text-align: center;\"><strong>We also have teas for the treatment or the healing of many other diseases and conditions not listed here.<\/strong><br \/><strong>Send your message on <a href=\"#kontakt\">e-mail<\/a> addressor give us a call on our <a href=\"#kontakt\">cell phone<\/a>.<\/strong><\/p>\n<p>[\/et_pb_text][\/et_pb_column][\/et_pb_row][\/et_pb_section]<\/p>\n","protected":false},"excerpt":{"rendered":"<p>TREATMENT BY THE COMBINATIONS OF MEDICINAL HERB TEAS Order a tea to suit your needs. The easiest and the most painless way to a cure. \u00a0 All you need to do is fill in your details on the form. If you prefer to order by phone, please contact me on the number below phone: 060 [&hellip;]<\/p>\n","protected":false},"author":1,"featured_media":0,"parent":756,"menu_order":0,"comment_status":"closed","ping_status":"closed","template":"","meta":{"_et_pb_use_builder":"on","_et_pb_old_content":"","_et_gb_content_width":"","footnotes":""},"class_list":["post-786","page","type-page","status-publish","hentry"],"_links":{"self":[{"href":"https:\/\/sreckocupic.com\/en\/wp-json\/wp\/v2\/pages\/786","targetHints":{"allow":["GET"]}}],"collection":[{"href":"https:\/\/sreckocupic.com\/en\/wp-json\/wp\/v2\/pages"}],"about":[{"href":"https:\/\/sreckocupic.com\/en\/wp-json\/wp\/v2\/types\/page"}],"author":[{"embeddable":true,"href":"https:\/\/sreckocupic.com\/en\/wp-json\/wp\/v2\/users\/1"}],"replies":[{"embeddable":true,"href":"https:\/\/sreckocupic.com\/en\/wp-json\/wp\/v2\/comments?post=786"}],"version-history":[{"count":2,"href":"https:\/\/sreckocupic.com\/en\/wp-json\/wp\/v2\/pages\/786\/revisions"}],"predecessor-version":[{"id":809,"href":"https:\/\/sreckocupic.com\/en\/wp-json\/wp\/v2\/pages\/786\/revisions\/809"}],"up":[{"embeddable":true,"href":"https:\/\/sreckocupic.com\/en\/wp-json\/wp\/v2\/pages\/756"}],"wp:attachment":[{"href":"https:\/\/sreckocupic.com\/en\/wp-json\/wp\/v2\/media?parent=786"}],"curies":[{"name":"wp","href":"https:\/\/api.w.org\/{rel}","templated":true}]}}