{"id":757,"date":"2018-07-23T12:55:27","date_gmt":"2018-07-23T12:55:27","guid":{"rendered":"http:\/\/sreckocupic.com\/home\/"},"modified":"2021-10-26T19:55:46","modified_gmt":"2021-10-26T19:55:46","slug":"home","status":"publish","type":"page","link":"https:\/\/sreckocupic.com\/en\/","title":{"rendered":"Home"},"content":{"rendered":"<p>[et_pb_section fb_built=&#8221;1&#8243; disabled_on=&#8221;on|on|off&#8221; _builder_version=&#8221;3.0.89&#8243; background_image=&#8221;https:\/\/sreckocupic.com\/wp-content\/uploads\/2017\/12\/pocetna-sreckocupic2.jpg&#8221; background_size=&#8221;contain&#8221;][et_pb_row make_fullwidth=&#8221;on&#8221; custom_margin=&#8221;|||&#8221; disabled_on=&#8221;off|off|off&#8221; _builder_version=&#8221;3.0.89&#8243;][et_pb_column type=&#8221;1_3&#8243; _builder_version=&#8221;3.0.89&#8243; parallax=&#8221;off&#8221; parallax_method=&#8221;on&#8221;][et_pb_blurb title=&#8221;ACUPRESSURE&#8221; url=&#8221;#&#8221; _builder_version=&#8221;3.0.89&#8243; header_font=&#8221;|700|||||||&#8221; header_text_align=&#8221;center&#8221; header_text_color=&#8221;#ffffff&#8221; background_color=&#8221;rgba(119,172,162,0.5)&#8221; border_width_bottom=&#8221;11px&#8221; border_color_bottom=&#8221;#77aca2&#8243; text_orientation=&#8221;center&#8221; custom_margin=&#8221;|||&#8221; custom_padding=&#8221;20px|10px|20px|10px&#8221;]<\/p>\n<div><span class=\"il\">Acupressure<\/span><span>\u00a0<\/span> is a Traditional Chinese Medicine method of applying pressure  on the acupuncture points by hand, elbow or with various devices. The benefits of acupressure techniques follow straight after acupuncture, with the difference that fewer acupuncture points (meridians) are used in acupressure.<\/div>\n<p>[\/et_pb_blurb][et_pb_blurb title=&#8221;IMPORTANCE OF GOOD DIET&#8221; _builder_version=&#8221;3.0.89&#8243; header_font=&#8221;|700|||||||&#8221; header_text_align=&#8221;center&#8221; header_text_color=&#8221;#ffffff&#8221; background_color=&#8221;rgba(86,186,236,0.5)&#8221; border_color_all=&#8221;#56baec&#8221; border_width_bottom=&#8221;11px&#8221; text_orientation=&#8221;center&#8221; custom_margin=&#8221;|||&#8221; custom_padding=&#8221;20px|10px|20px|10px&#8221;]<\/p>\n<p><span>The importance of nutrition is in preserving the integrity of the cell and the entire cellular apparatus without which physiological functions and sustainability of life would not be possible. Also diet is very important both for the preservation of physical health at the level of cells, organ tissues, organ systems and the entire organism, as well as for the preservation of mental health.<\/span><\/p>\n<p>[\/et_pb_blurb][et_pb_blurb title=&#8221;LIFESTYLE&#8221; _builder_version=&#8221;3.0.89&#8243; header_font=&#8221;|700|||||||&#8221; header_text_align=&#8221;center&#8221; header_text_color=&#8221;#ffffff&#8221; background_color=&#8221;rgba(176,229,124,0.5)&#8221; border_color_all=&#8221;#56baec&#8221; border_width_bottom=&#8221;11px&#8221; border_color_bottom=&#8221;#b0e57c&#8221; text_orientation=&#8221;center&#8221; custom_margin=&#8221;|||&#8221; custom_padding=&#8221;20px|10px|20px|10px&#8221;]<\/p>\n<p><span>The lifestyle represents the economic, social, cultural and religious influences on our nutrition and the habits of food choices. The habits and the type of nutrition are also conditioned by the geographical perception, as well as the choice of foods that are grown and plentiful in a certain geographical area.<\/span><\/p>\n<p>[\/et_pb_blurb][\/et_pb_column][et_pb_column type=&#8221;1_3&#8243; _builder_version=&#8221;3.0.89&#8243; parallax=&#8221;off&#8221; parallax_method=&#8221;on&#8221;][\/et_pb_column][et_pb_column type=&#8221;1_3&#8243; _builder_version=&#8221;3.0.89&#8243; parallax=&#8221;off&#8221; parallax_method=&#8221;on&#8221;][et_pb_button button_url=&#8221;https:\/\/sreckocupic.com\/en\/scheduling\/&#8221; button_text=&#8221;Send a message&#8221; button_alignment=&#8221;right&#8221; background_layout=&#8221;dark&#8221; _builder_version=&#8221;3.0.89&#8243; custom_margin=&#8221;450px|||&#8221; custom_margin_tablet=&#8221;70px|||&#8221; custom_margin_phone=&#8221;70px|||&#8221; custom_margin_last_edited=&#8221;on|desktop&#8221; custom_padding=&#8221;0px|40px|0px|15px&#8221; custom_button=&#8221;on&#8221; button_text_size=&#8221;24px&#8221; button_bg_color=&#8221;rgba(176,229,124,0.8)&#8221; button_border_width=&#8221;0px&#8221; button_border_color=&#8221;rgba(255,255,255,0)&#8221; button_font=&#8221;Dancing Script|700|||||||&#8221; button_icon=&#8221;%%153%%&#8221; button_icon_color=&#8221;#ffffff&#8221;][\/et_pb_button][\/et_pb_column][\/et_pb_row][\/et_pb_section][et_pb_section fb_built=&#8221;1&#8243; disabled_on=&#8221;off|off|on&#8221; _builder_version=&#8221;3.0.89&#8243; use_background_color_gradient=&#8221;on&#8221; background_color_gradient_start=&#8221;#ffec94&#8243; background_color_gradient_end=&#8221;#ffffff&#8221;][et_pb_row make_fullwidth=&#8221;on&#8221; custom_margin=&#8221;|||&#8221; disabled_on=&#8221;off|off|off&#8221; _builder_version=&#8221;3.0.89&#8243;][et_pb_column type=&#8221;4_4&#8243; _builder_version=&#8221;3.0.89&#8243; parallax=&#8221;off&#8221; parallax_method=&#8221;on&#8221;][et_pb_blurb title=&#8221;IMPORTANCE OF GOOD DIET&#8221; _builder_version=&#8221;3.0.89&#8243; header_font=&#8221;|700|||||||&#8221; header_text_align=&#8221;center&#8221; header_text_color=&#8221;#ffffff&#8221; background_color=&#8221;rgba(86,186,236,0.5)&#8221; border_color_all=&#8221;#56baec&#8221; border_width_bottom=&#8221;11px&#8221; text_orientation=&#8221;center&#8221; custom_margin=&#8221;|||&#8221; custom_padding=&#8221;20px|10px|20px|10px&#8221;]<\/p>\n<p><span>The importance of nutrition is in preserving the integrity of the cell and the entire cellular apparatus without which physiological functions and sustainability of life would not be possible. Also diet is very important both for the preservation of physical health at the level of cells, organ tissues, organ systems and the entire organism, as well as for the preservation of mental health.<\/span><\/p>\n<p>[\/et_pb_blurb][et_pb_blurb title=&#8221;ACUPRESSURE&#8221; url=&#8221;#&#8221; _builder_version=&#8221;3.0.89&#8243; header_font=&#8221;|700|||||||&#8221; header_text_align=&#8221;center&#8221; header_text_color=&#8221;#ffffff&#8221; background_color=&#8221;rgba(119,172,162,0.5)&#8221; border_width_bottom=&#8221;11px&#8221; border_color_bottom=&#8221;#77aca2&#8243; text_orientation=&#8221;center&#8221; custom_margin=&#8221;|||&#8221; custom_padding=&#8221;20px|10px|20px|10px&#8221;]<\/p>\n<div><span class=\"il\">Acupressure<\/span><span>\u00a0<\/span> is a Traditional Chinese Medicine method of applying pressure  on the acupuncture points by hand, elbow or with various devices. The benefits of acupressure techniques follow straight after acupuncture, with the difference that fewer acupuncture points (meridians) are used in acupressure.<\/div>\n<p>[\/et_pb_blurb][et_pb_blurb title=&#8221;LIFESTYLE&#8221; _builder_version=&#8221;3.0.89&#8243; header_font=&#8221;|700|||||||&#8221; header_text_align=&#8221;center&#8221; header_text_color=&#8221;#ffffff&#8221; background_color=&#8221;rgba(176,229,124,0.5)&#8221; border_color_all=&#8221;#56baec&#8221; border_width_bottom=&#8221;11px&#8221; border_color_bottom=&#8221;#b0e57c&#8221; text_orientation=&#8221;center&#8221; custom_margin=&#8221;|||&#8221; custom_padding=&#8221;20px|10px|20px|10px&#8221;]<\/p>\n<p><span>The lifestyle represents the economic, social, cultural and religious influences on our nutrition and the habits of food choices. The habits and the type of nutrition are also conditioned by the geographical perception, as well as the choice of foods that are grown and plentiful in a certain geographical area.<\/span><\/p>\n<p>[\/et_pb_blurb][et_pb_button button_url=&#8221;https:\/\/sreckocupic.com\/en\/scheduling\/&#8221; button_text=&#8221;Send a message&#8221; button_alignment=&#8221;right&#8221; background_layout=&#8221;dark&#8221; _builder_version=&#8221;3.0.89&#8243; custom_margin=&#8221;|||&#8221; custom_margin_tablet=&#8221;70px|||&#8221; custom_margin_phone=&#8221;70px|||&#8221; custom_margin_last_edited=&#8221;on|desktop&#8221; custom_padding=&#8221;0px|40px|0px|15px&#8221; custom_button=&#8221;on&#8221; button_text_size=&#8221;24px&#8221; button_bg_color=&#8221;rgba(176,229,124,0.8)&#8221; button_border_width=&#8221;0px&#8221; button_border_color=&#8221;rgba(255,255,255,0)&#8221; button_font=&#8221;Dancing Script|700|||||||&#8221; button_icon=&#8221;%%153%%&#8221; button_icon_color=&#8221;#ffffff&#8221;][\/et_pb_button][\/et_pb_column][\/et_pb_row][\/et_pb_section][et_pb_section fb_built=&#8221;1&#8243; _builder_version=&#8221;3.0.89&#8243;][et_pb_row _builder_version=&#8221;3.0.89&#8243;][et_pb_column type=&#8221;4_4&#8243; _builder_version=&#8221;3.0.89&#8243; parallax=&#8221;off&#8221; parallax_method=&#8221;on&#8221;][et_pb_text _builder_version=&#8221;3.0.89&#8243; text_font=&#8221;Bree Serif||||||||&#8221; text_orientation=&#8221;center&#8221;]<\/p>\n<h2>TRADITIONAL CHINESE MEDICINE<\/h2>\n<p>[\/et_pb_text][\/et_pb_column][\/et_pb_row][et_pb_row _builder_version=&#8221;3.0.89&#8243;][et_pb_column type=&#8221;1_4&#8243; _builder_version=&#8221;3.0.89&#8243; parallax=&#8221;off&#8221; parallax_method=&#8221;on&#8221;][et_pb_text _builder_version=&#8221;3.0.89&#8243; text_font=&#8221;||||||||&#8221; text_orientation=&#8221;center&#8221;]<\/p>\n<p><a href=\"\/?page_id=46#akupresura\"><img loading=\"lazy\" decoding=\"async\" src=\"https:\/\/sreckocupic.com\/wp-content\/uploads\/2017\/12\/akupresura-srecko-cupic.png\" width=\"140\" height=\"140\" alt=\"\" class=\"wp-image-147 alignnone size-full\" \/><\/a><\/p>\n<h3><strong>ACUPRESSURE<\/strong><\/h3>\n<\/p>\n<p>[\/et_pb_text][et_pb_button button_url=&#8221;https:\/\/sreckocupic.com\/en\/scheduling\/#zakazivanje&#8221; button_text=&#8221;Book your appointment&#8221; button_alignment=&#8221;center&#8221; _builder_version=&#8221;3.0.89&#8243; custom_button=&#8221;on&#8221; button_text_color=&#8221;#56baec&#8221; button_font=&#8221;||||||||&#8221; button_use_icon=&#8221;off&#8221; button_bg_color_hover=&#8221;#ffec94&#8243; button_border_color_hover=&#8221;#56baec&#8221;][\/et_pb_button][\/et_pb_column][et_pb_column type=&#8221;1_4&#8243; _builder_version=&#8221;3.0.89&#8243; parallax=&#8221;off&#8221; parallax_method=&#8221;on&#8221;][et_pb_text _builder_version=&#8221;3.0.89&#8243; text_font=&#8221;||||||||&#8221; text_orientation=&#8221;center&#8221;]<\/p>\n<p><a href=\"\/?page_id=46#akupunktura\"><img loading=\"lazy\" decoding=\"async\" src=\"https:\/\/sreckocupic.com\/wp-content\/uploads\/2017\/12\/AKUPUNKTURA-sreckocupic.png\" width=\"140\" height=\"140\" alt=\"\" class=\"wp-image-134 alignnone size-full\" \/><\/a><\/p>\n<h3><strong>ACUPUNCTURE<\/strong><\/h3>\n<\/p>\n<p>[\/et_pb_text][et_pb_button button_url=&#8221;https:\/\/sreckocupic.com\/en\/scheduling\/#zakazivanje&#8221; button_text=&#8221;Book your appointment&#8221; button_alignment=&#8221;center&#8221; _builder_version=&#8221;3.0.89&#8243; custom_button=&#8221;on&#8221; button_text_color=&#8221;#56baec&#8221; button_font=&#8221;||||||||&#8221; button_use_icon=&#8221;off&#8221; button_bg_color_hover=&#8221;#ffec94&#8243; button_border_color_hover=&#8221;#56baec&#8221;][\/et_pb_button][\/et_pb_column][et_pb_column type=&#8221;1_4&#8243; _builder_version=&#8221;3.0.89&#8243; parallax=&#8221;off&#8221; parallax_method=&#8221;on&#8221;][et_pb_text _builder_version=&#8221;3.0.89&#8243; text_font=&#8221;||||||||&#8221; text_orientation=&#8221;center&#8221;]<\/p>\n<p><a href=\"\/?page_id=46#moksibustija\"><img loading=\"lazy\" decoding=\"async\" src=\"https:\/\/sreckocupic.com\/wp-content\/uploads\/2017\/12\/moksibustija-srecko-cupic.png\" width=\"140\" height=\"140\" alt=\"\" class=\"wp-image-144 alignnone size-full\" \/><\/a><\/p>\n<h3><strong>MOXIBUSTION<\/strong><\/h3>\n<\/p>\n<p>[\/et_pb_text][et_pb_button button_url=&#8221;https:\/\/sreckocupic.com\/en\/scheduling\/#zakazivanje&#8221; button_text=&#8221;Book your appointment&#8221; button_alignment=&#8221;center&#8221; _builder_version=&#8221;3.0.89&#8243; custom_button=&#8221;on&#8221; button_text_color=&#8221;#56baec&#8221; button_font=&#8221;||||||||&#8221; button_use_icon=&#8221;off&#8221; button_bg_color_hover=&#8221;#ffec94&#8243; button_border_color_hover=&#8221;#56baec&#8221;][\/et_pb_button][\/et_pb_column][et_pb_column type=&#8221;1_4&#8243; _builder_version=&#8221;3.0.89&#8243; parallax=&#8221;off&#8221; parallax_method=&#8221;on&#8221;][et_pb_text _builder_version=&#8221;3.0.89&#8243; text_font=&#8221;||||||||&#8221; text_orientation=&#8221;center&#8221;]<\/p>\n<p><a href=\"\/?page_id=46#mikromasaza\"><img loading=\"lazy\" decoding=\"async\" src=\"https:\/\/sreckocupic.com\/wp-content\/uploads\/2017\/12\/kineska-mikormasaza-srecko-cupic.png\" width=\"140\" height=\"140\" alt=\"\" class=\"wp-image-141 alignnone size-full\" \/><\/a><\/p>\n<h3><strong>CHINESE MICRO-MASSAGE<\/strong><\/h3>\n<\/p>\n<p>[\/et_pb_text][et_pb_button button_url=&#8221;https:\/\/sreckocupic.com\/en\/scheduling\/#zakazivanje&#8221; button_text=&#8221;Book your appointment&#8221; button_alignment=&#8221;center&#8221; _builder_version=&#8221;3.0.89&#8243; custom_button=&#8221;on&#8221; button_text_color=&#8221;#56baec&#8221; button_font=&#8221;||||||||&#8221; button_use_icon=&#8221;off&#8221; button_bg_color_hover=&#8221;#ffec94&#8243; button_border_color_hover=&#8221;#56baec&#8221;][\/et_pb_button][\/et_pb_column][\/et_pb_row][\/et_pb_section][et_pb_section fb_built=&#8221;1&#8243; _builder_version=&#8221;3.0.89&#8243; use_background_color_gradient=&#8221;on&#8221; background_color_gradient_start=&#8221;#fff0aa&#8221; background_color_gradient_end=&#8221;#b0e57c&#8221;][et_pb_row _builder_version=&#8221;3.0.89&#8243;][et_pb_column type=&#8221;4_4&#8243; _builder_version=&#8221;3.0.89&#8243; parallax=&#8221;off&#8221; parallax_method=&#8221;on&#8221;][et_pb_text _builder_version=&#8221;3.0.89&#8243; text_font=&#8221;Bree Serif||||||||&#8221; text_text_color=&#8221;#000000&#8243; header_font=&#8221;||||||||&#8221; header_text_color=&#8221;#F84939&#8243; text_orientation=&#8221;center&#8221;]<\/p>\n<h2><span color=\"red\" style=\"color: red;\">DIETETICS<\/span><\/h2>\n<p>[\/et_pb_text][\/et_pb_column][\/et_pb_row][et_pb_row _builder_version=&#8221;3.0.89&#8243;][et_pb_column type=&#8221;1_3&#8243; _builder_version=&#8221;3.0.89&#8243; parallax=&#8221;off&#8221; parallax_method=&#8221;on&#8221;][et_pb_text _builder_version=&#8221;3.0.89&#8243; text_font=&#8221;||||||||&#8221; text_orientation=&#8221;center&#8221;]<\/p>\n<p><a href=\"\/?page_id=44#pravilna-ishrana\"><img loading=\"lazy\" decoding=\"async\" src=\"https:\/\/sreckocupic.com\/wp-content\/uploads\/2017\/12\/pravilna-ishrana-sreckocupic-plan-ishrane-.png\" width=\"140\" height=\"140\" alt=\"\" class=\"wp-image-211 alignnone size-full\" \/><\/a><\/p>\n<h3><strong>PROPER NUTRITION<\/strong><\/h3>\n<p><span>Human health, creativity, efficiency and mood are directly influenced by the daily applied diet.<\/span><\/p>\n<p>[\/et_pb_text][et_pb_button button_url=&#8221;https:\/\/sreckocupic.com\/en\/scheduling\/#plan-ishrane&#8221; button_text=&#8221;Diet Plan&#8221; button_alignment=&#8221;center&#8221; _builder_version=&#8221;3.0.89&#8243; custom_button=&#8221;on&#8221; button_text_color=&#8221;#F84939&#8243; button_font=&#8221;||||||||&#8221; button_use_icon=&#8221;off&#8221; button_bg_color_hover=&#8221;#ffffff&#8221; button_border_color_hover=&#8221;#F84939&#8243;][\/et_pb_button][\/et_pb_column][et_pb_column type=&#8221;1_3&#8243; _builder_version=&#8221;3.0.89&#8243; parallax=&#8221;off&#8221; parallax_method=&#8221;on&#8221;][et_pb_text _builder_version=&#8221;3.0.89&#8243; text_font=&#8221;||||||||&#8221; text_orientation=&#8221;center&#8221;]<\/p>\n<p><a href=\"\/?page_id=44#hrana-kao-lek\"><img loading=\"lazy\" decoding=\"async\" src=\"https:\/\/sreckocupic.com\/wp-content\/uploads\/2017\/12\/hrana-kao-lek-sreckocupic.png\" width=\"140\" height=\"140\" alt=\"\" class=\"wp-image-208 alignnone size-full\" \/><\/a><\/p>\n<h3><strong>FOOD AS MEDICINE<\/strong><\/h3>\n<p><span>Eat according to a precisely defined plan for you and your body will be endlessly grateful.<\/span><\/p>\n<p>[\/et_pb_text][et_pb_button button_url=&#8221;https:\/\/sreckocupic.com\/en\/scheduling\/#plan-ishrane&#8221; button_text=&#8221;Diet Plan&#8221; button_alignment=&#8221;center&#8221; _builder_version=&#8221;3.0.89&#8243; custom_button=&#8221;on&#8221; button_text_color=&#8221;#F84939&#8243; button_font=&#8221;||||||||&#8221; button_use_icon=&#8221;off&#8221; button_bg_color_hover=&#8221;#ffffff&#8221; button_border_color_hover=&#8221;#F84939&#8243;][\/et_pb_button][\/et_pb_column][et_pb_column type=&#8221;1_3&#8243; _builder_version=&#8221;3.0.89&#8243; parallax=&#8221;off&#8221; parallax_method=&#8221;on&#8221;][et_pb_text _builder_version=&#8221;3.0.89&#8243; text_font=&#8221;||||||||&#8221; text_orientation=&#8221;center&#8221;]<\/p>\n<p><a href=\"\/?page_id=44#preventiva\"><img loading=\"lazy\" decoding=\"async\" src=\"https:\/\/sreckocupic.com\/wp-content\/uploads\/2017\/12\/preventiva-srecko-cupic.png\" width=\"140\" height=\"140\" alt=\"\" class=\"wp-image-174 alignnone size-full\" \/><\/a><\/p>\n<h3><strong>FOOD AS A PREVENTIVE<\/strong><\/h3>\n<p><span>Foods can play an important role in preventing the onset of certain diseases, pathologies, and processes.<\/span><\/p>\n<p>[\/et_pb_text][et_pb_button button_url=&#8221;https:\/\/sreckocupic.com\/en\/scheduling\/#plan-ishrane&#8221; button_text=&#8221;Diet Plan&#8221; button_alignment=&#8221;center&#8221; _builder_version=&#8221;3.0.89&#8243; custom_button=&#8221;on&#8221; button_text_color=&#8221;#F84939&#8243; button_font=&#8221;||||||||&#8221; button_use_icon=&#8221;off&#8221; button_bg_color_hover=&#8221;#ffffff&#8221; button_border_color_hover=&#8221;#F84939&#8243;][\/et_pb_button][\/et_pb_column][\/et_pb_row][\/et_pb_section][et_pb_section fb_built=&#8221;1&#8243; _builder_version=&#8221;3.0.89&#8243;][et_pb_row _builder_version=&#8221;3.0.89&#8243;][et_pb_column type=&#8221;1_2&#8243; _builder_version=&#8221;3.0.89&#8243; parallax=&#8221;off&#8221; parallax_method=&#8221;on&#8221;][et_pb_blurb title=&#8221;DR Sre\u0107ko \u010cupi\u0107&#8221; url=&#8221;https:\/\/sreckocupic.com\/en\/about-me\/&#8221; image=&#8221;https:\/\/sreckocupic.com\/wp-content\/uploads\/2018\/01\/srecko-cupic-doktor.png&#8221; _builder_version=&#8221;3.0.89&#8243; text_orientation=&#8221;center&#8221;]<\/p>\n<p>Rodno mesto Dr Sre\u0107ka \u010cupi\u0107a je selo Sala\u0161 No\u0107ajski,poznato po \u010duvenom Vojvodi Stojanu \u010cupi\u0107u-Zmaju od No\u0107aja.<\/p>\n<p>[\/et_pb_blurb][\/et_pb_column][et_pb_column type=&#8221;1_2&#8243; _builder_version=&#8221;3.0.89&#8243; parallax=&#8221;off&#8221; parallax_method=&#8221;on&#8221;][et_pb_text _builder_version=&#8221;3.0.89&#8243; text_font=&#8221;||||||||&#8221; text_orientation=&#8221;justified&#8221;]<\/p>\n<h2 style=\"text-align: center;\">O meni\u00a0<\/h2>\n<p>Dr. Sre\u0107ko \u010cupi\u0107 je osnovnu \u0161kolu zavr\u0161io u Ma\u010dvanskoj Mitrovici,1992 godine upisuje srednju poljoprivrednu \u0161kolu u \u0160apcu a maturirao je 1996. godine.Nakon pauze od godinu dana 1997. godine upisuje Fakultet veterinarske medicine Univerziteta u Beogradu,a kao apsolvent Fakulteta veterinarske medicine 2005. godine upisuje Visoku zdravstvenu \u0161kolu strukovnih studija u Zemunu,smer dijeteti\u010dar-nutricionista.Na visokoj zdravstvenoj \u0161koli je diplomirao 22.02.2011. godine<\/p>\n<p>[\/et_pb_text][et_pb_button button_url=&#8221;https:\/\/sreckocupic.com\/en\/about-me\/&#8221; button_text=&#8221;READ MORE&#8221; button_alignment=&#8221;center&#8221; _builder_version=&#8221;3.0.89&#8243; custom_button=&#8221;on&#8221; button_text_color=&#8221;#ff5454&#8243; button_font=&#8221;||||||||&#8221; button_icon=&#8221;%%47%%&#8221; button_bg_color_hover=&#8221;#b0e57c&#8221; button_border_color_hover=&#8221;#ff3a3a&#8221;][\/et_pb_button][\/et_pb_column][\/et_pb_row][et_pb_row _builder_version=&#8221;3.0.89&#8243;][et_pb_column type=&#8221;4_4&#8243; _builder_version=&#8221;3.0.89&#8243; parallax=&#8221;off&#8221; parallax_method=&#8221;on&#8221;][et_pb_video src=&#8221;https:\/\/sreckocupic.com\/wp-content\/uploads\/2021\/10\/JIN-JANG-Sremska-Mitrovica.mp4&#8243; image_src=&#8221;https:\/\/sreckocupic.com\/wp-content\/uploads\/2021\/10\/jin-jang-sremska-mitrovica-videospot.png&#8221; play_icon_color=&#8221;#56baec&#8221; _builder_version=&#8221;3.0.89&#8243; max_width=&#8221;80%&#8221; max_width_last_edited=&#8221;on|phone&#8221; module_alignment=&#8221;center&#8221; border_radii=&#8221;on|10px|10px|10px|10px&#8221;][\/et_pb_video][\/et_pb_column][\/et_pb_row][\/et_pb_section][et_pb_section fb_built=&#8221;1&#8243; _builder_version=&#8221;3.0.89&#8243; use_background_color_gradient=&#8221;on&#8221; background_color_gradient_start=&#8221;#ffec94&#8243; background_color_gradient_end=&#8221;#fff0aa&#8221; custom_margin=&#8221;|||&#8221; custom_padding=&#8221;5px||5px|&#8221;][et_pb_row use_custom_width=&#8221;on&#8221; width_unit=&#8221;off&#8221; custom_width_percent=&#8221;30%&#8221; _builder_version=&#8221;3.0.89&#8243;][et_pb_column type=&#8221;4_4&#8243; _builder_version=&#8221;3.0.89&#8243; parallax=&#8221;off&#8221; parallax_method=&#8221;on&#8221;][et_pb_text _builder_version=&#8221;3.0.89&#8243; header_font=&#8221;||||||||&#8221; header_3_font=&#8221;||||||||&#8221; header_3_text_align=&#8221;center&#8221; header_3_text_color=&#8221;#56baec&#8221;]<\/p>\n<h3>LATEST ARTICLES<\/h3>\n<p>[\/et_pb_text][et_pb_blog posts_number=&#8221;4&#8243; include_categories=&#8221;11&#8243; show_more=&#8221;on&#8221; show_author=&#8221;off&#8221; show_date=&#8221;off&#8221; show_categories=&#8221;off&#8221; offset_number=&#8221;0&#8243; _builder_version=&#8221;3.0.89&#8243; header_font=&#8221;||||||||&#8221;][\/et_pb_blog][\/et_pb_column][\/et_pb_row][\/et_pb_section][et_pb_section fb_built=&#8221;1&#8243; _builder_version=&#8221;3.0.89&#8243; use_background_color_gradient=&#8221;on&#8221; background_color_gradient_start=&#8221;#ffffff&#8221; background_color_gradient_end=&#8221;#b0e57c&#8221;][et_pb_row _builder_version=&#8221;3.0.89&#8243;][et_pb_column type=&#8221;4_4&#8243; _builder_version=&#8221;3.0.89&#8243; parallax=&#8221;off&#8221; parallax_method=&#8221;on&#8221;][et_pb_text _builder_version=&#8221;3.0.89&#8243;]<\/p>\n<h2 style=\"text-align: center;\">ORDER YOUR DIET PLAN NOW AND AVOID WAITING FOR HOURS AT YOUR PHYSICIAN.<\/h2>\n<p><img loading=\"lazy\" decoding=\"async\" src=\"https:\/\/sreckocupic.com\/wp-content\/uploads\/2017\/12\/izbegnite-cekanje-zakazite-odmah.png\" width=\"64\" height=\"64\" alt=\"\" class=\"wp-image-475 alignnone size-full\" style=\"display: block; margin-left: auto; margin-right: auto;\" \/><\/p>\n<p>[\/et_pb_text][et_pb_button button_url=&#8221;https:\/\/sreckocupic.com\/en\/scheduling\/#plan-ishrane&#8221; button_text=&#8221;ORDER YOUR DIET PLAN NOW&#8221; button_alignment=&#8221;center&#8221; _builder_version=&#8221;3.0.89&#8243; custom_button=&#8221;on&#8221; button_text_color=&#8221;#77aca2&#8243; button_font=&#8221;||||||||&#8221;][\/et_pb_button][\/et_pb_column][\/et_pb_row][\/et_pb_section]<\/p>\n","protected":false},"excerpt":{"rendered":"<p>Acupressure\u00a0 is a Traditional Chinese Medicine method of applying pressure on the acupuncture points by hand, elbow or with various devices. The benefits of acupressure techniques follow straight after acupuncture, with the difference that fewer acupuncture points (meridians) are used in acupressure.The importance of nutrition is in preserving the integrity of the cell and the [&hellip;]<\/p>\n","protected":false},"author":1,"featured_media":0,"parent":0,"menu_order":0,"comment_status":"closed","ping_status":"closed","template":"","meta":{"_et_pb_use_builder":"on","_et_pb_old_content":"","_et_gb_content_width":"","footnotes":""},"class_list":["post-757","page","type-page","status-publish","hentry"],"_links":{"self":[{"href":"https:\/\/sreckocupic.com\/en\/wp-json\/wp\/v2\/pages\/757","targetHints":{"allow":["GET"]}}],"collection":[{"href":"https:\/\/sreckocupic.com\/en\/wp-json\/wp\/v2\/pages"}],"about":[{"href":"https:\/\/sreckocupic.com\/en\/wp-json\/wp\/v2\/types\/page"}],"author":[{"embeddable":true,"href":"https:\/\/sreckocupic.com\/en\/wp-json\/wp\/v2\/users\/1"}],"replies":[{"embeddable":true,"href":"https:\/\/sreckocupic.com\/en\/wp-json\/wp\/v2\/comments?post=757"}],"version-history":[{"count":8,"href":"https:\/\/sreckocupic.com\/en\/wp-json\/wp\/v2\/pages\/757\/revisions"}],"predecessor-version":[{"id":913,"href":"https:\/\/sreckocupic.com\/en\/wp-json\/wp\/v2\/pages\/757\/revisions\/913"}],"wp:attachment":[{"href":"https:\/\/sreckocupic.com\/en\/wp-json\/wp\/v2\/media?parent=757"}],"curies":[{"name":"wp","href":"https:\/\/api.w.org\/{rel}","templated":true}]}}